{"id":19387,"date":"2024-05-22T15:33:32","date_gmt":"2024-05-22T13:33:32","guid":{"rendered":"https:\/\/mazeyres.o3creative.fr\/?post_type=product&#038;p=19387"},"modified":"2024-07-05T10:45:03","modified_gmt":"2024-07-05T08:45:03","slug":"le-seuil-de-mazeyres-2021","status":"publish","type":"product","link":"https:\/\/chateaumazeyres.net\/en\/produit\/le-seuil-de-mazeyres-2021\/","title":{"rendered":"Le Seuil de Mazeyres 2021"},"content":{"rendered":"<p>Le bouquet s\u2019ouvre sur des notes de cerises noires ainsi que des notes florales. En bouche, les tanins suaves et le c\u00f4t\u00e9 juteux en font un vin gourmand \u00e0 d\u00e9guster pour toutes occasions\u00a0!<\/p>\n","protected":false},"excerpt":{"rendered":"<p>Le bouquet s\u2019ouvre sur des notes de cerises noires ainsi que des notes florales. En bouche, les tanins suaves et le c\u00f4t\u00e9 juteux en font un vin gourmand \u00e0 d\u00e9guster pour toutes occasions\u00a0!<\/p>\n","protected":false},"featured_media":16270,"template":"","meta":{"_acf_changed":false},"product_brand":[],"product_cat":[242],"product_tag":[],"class_list":{"0":"post-19387","1":"product","2":"type-product","3":"status-publish","4":"has-post-thumbnail","6":"product_cat-vins","7":"product_shipping_class-btl","9":"first","10":"instock","11":"sale","12":"taxable","13":"shipping-taxable","14":"purchasable","15":"product-type-simple"},"acf":[],"yoast_head":"<!-- This site is optimized with the Yoast SEO plugin v27.1.1 - https:\/\/yoast.com\/product\/yoast-seo-wordpress\/ -->\n<title>Le Seuil de Mazeyres 2021 - Ch\u00e2teau Mazeyres<\/title>\n<meta name=\"robots\" content=\"index, follow, max-snippet:-1, max-image-preview:large, max-video-preview:-1\" \/>\n<link rel=\"canonical\" href=\"https:\/\/chateaumazeyres.net\/en\/produit\/le-seuil-de-mazeyres-2021\/\" \/>\n<meta property=\"og:locale\" content=\"en_US\" \/>\n<meta property=\"og:type\" content=\"article\" \/>\n<meta property=\"og:title\" content=\"Le Seuil de Mazeyres 2021 - Ch\u00e2teau Mazeyres\" \/>\n<meta property=\"og:description\" content=\"Le bouquet s\u2019ouvre sur des notes de cerises noires ainsi que des notes florales. En bouche, les tanins suaves et le c\u00f4t\u00e9 juteux en font un vin gourmand \u00e0 d\u00e9guster pour toutes occasions\u00a0!\" \/>\n<meta property=\"og:url\" content=\"https:\/\/chateaumazeyres.net\/en\/produit\/le-seuil-de-mazeyres-2021\/\" \/>\n<meta property=\"og:site_name\" content=\"Ch\u00e2teau Mazeyres\" \/>\n<meta property=\"article:modified_time\" content=\"2024-07-05T08:45:03+00:00\" \/>\n<meta property=\"og:image\" content=\"https:\/\/chateaumazeyres.net\/wp-content\/uploads\/2020\/01\/le_seuil_de_mazeyres_millesime_2017.png\" \/>\n\t<meta property=\"og:image:width\" content=\"536\" \/>\n\t<meta property=\"og:image:height\" content=\"668\" \/>\n\t<meta property=\"og:image:type\" content=\"image\/png\" \/>\n<meta name=\"twitter:card\" content=\"summary_large_image\" \/>\n<meta name=\"twitter:label1\" content=\"Est. reading time\" \/>\n\t<meta name=\"twitter:data1\" content=\"1 minute\" \/>\n<script type=\"application\/ld+json\" class=\"yoast-schema-graph\">{\"@context\":\"https:\/\/schema.org\",\"@graph\":[{\"@type\":\"WebPage\",\"@id\":\"https:\/\/chateaumazeyres.net\/en\/produit\/le-seuil-de-mazeyres-2021\/\",\"url\":\"https:\/\/chateaumazeyres.net\/en\/produit\/le-seuil-de-mazeyres-2021\/\",\"name\":\"Le Seuil de Mazeyres 2021 - Ch\u00e2teau Mazeyres\",\"isPartOf\":{\"@id\":\"https:\/\/chateaumazeyres.net\/en\/#website\"},\"primaryImageOfPage\":{\"@id\":\"https:\/\/chateaumazeyres.net\/en\/produit\/le-seuil-de-mazeyres-2021\/#primaryimage\"},\"image\":{\"@id\":\"https:\/\/chateaumazeyres.net\/en\/produit\/le-seuil-de-mazeyres-2021\/#primaryimage\"},\"thumbnailUrl\":\"https:\/\/chateaumazeyres.net\/wp-content\/uploads\/2020\/01\/le_seuil_de_mazeyres_millesime_2017.png\",\"datePublished\":\"2024-05-22T13:33:32+00:00\",\"dateModified\":\"2024-07-05T08:45:03+00:00\",\"breadcrumb\":{\"@id\":\"https:\/\/chateaumazeyres.net\/en\/produit\/le-seuil-de-mazeyres-2021\/#breadcrumb\"},\"inLanguage\":\"en-US\",\"potentialAction\":[{\"@type\":\"ReadAction\",\"target\":[\"https:\/\/chateaumazeyres.net\/en\/produit\/le-seuil-de-mazeyres-2021\/\"]}]},{\"@type\":\"ImageObject\",\"inLanguage\":\"en-US\",\"@id\":\"https:\/\/chateaumazeyres.net\/en\/produit\/le-seuil-de-mazeyres-2021\/#primaryimage\",\"url\":\"https:\/\/chateaumazeyres.net\/wp-content\/uploads\/2020\/01\/le_seuil_de_mazeyres_millesime_2017.png\",\"contentUrl\":\"https:\/\/chateaumazeyres.net\/wp-content\/uploads\/2020\/01\/le_seuil_de_mazeyres_millesime_2017.png\",\"width\":536,\"height\":668},{\"@type\":\"BreadcrumbList\",\"@id\":\"https:\/\/chateaumazeyres.net\/en\/produit\/le-seuil-de-mazeyres-2021\/#breadcrumb\",\"itemListElement\":[{\"@type\":\"ListItem\",\"position\":1,\"name\":\"Accueil\",\"item\":\"https:\/\/chateaumazeyres.net\/en\/home\/\"},{\"@type\":\"ListItem\",\"position\":2,\"name\":\"The Club Shop\",\"item\":\"https:\/\/chateaumazeyres.net\/en\/the-club-shop\/\"},{\"@type\":\"ListItem\",\"position\":3,\"name\":\"Le Seuil de Mazeyres 2021\"}]},{\"@type\":\"WebSite\",\"@id\":\"https:\/\/chateaumazeyres.net\/en\/#website\",\"url\":\"https:\/\/chateaumazeyres.net\/en\/\",\"name\":\"Ch\u00e2teau Mazeyres\",\"description\":\"Grand Vin de Pomerol\",\"publisher\":{\"@id\":\"https:\/\/chateaumazeyres.net\/en\/#organization\"},\"potentialAction\":[{\"@type\":\"SearchAction\",\"target\":{\"@type\":\"EntryPoint\",\"urlTemplate\":\"https:\/\/chateaumazeyres.net\/en\/?s={search_term_string}\"},\"query-input\":{\"@type\":\"PropertyValueSpecification\",\"valueRequired\":true,\"valueName\":\"search_term_string\"}}],\"inLanguage\":\"en-US\"},{\"@type\":\"Organization\",\"@id\":\"https:\/\/chateaumazeyres.net\/en\/#organization\",\"name\":\"Chateau Mazeyres\",\"url\":\"https:\/\/chateaumazeyres.net\/en\/\",\"logo\":{\"@type\":\"ImageObject\",\"inLanguage\":\"en-US\",\"@id\":\"https:\/\/chateaumazeyres.net\/en\/#\/schema\/logo\/image\/\",\"url\":\"https:\/\/chateaumazeyres.net\/wp-content\/uploads\/2020\/11\/chateau_mazeyres_logo@x2.png\",\"contentUrl\":\"https:\/\/chateaumazeyres.net\/wp-content\/uploads\/2020\/11\/chateau_mazeyres_logo@x2.png\",\"width\":888,\"height\":826,\"caption\":\"Chateau Mazeyres\"},\"image\":{\"@id\":\"https:\/\/chateaumazeyres.net\/en\/#\/schema\/logo\/image\/\"}}]}<\/script>\n<!-- \/ Yoast SEO plugin. -->","yoast_head_json":{"title":"Le Seuil de Mazeyres 2021 - Ch\u00e2teau Mazeyres","robots":{"index":"index","follow":"follow","max-snippet":"max-snippet:-1","max-image-preview":"max-image-preview:large","max-video-preview":"max-video-preview:-1"},"canonical":"https:\/\/chateaumazeyres.net\/en\/produit\/le-seuil-de-mazeyres-2021\/","og_locale":"en_US","og_type":"article","og_title":"Le Seuil de Mazeyres 2021 - Ch\u00e2teau Mazeyres","og_description":"Le bouquet s\u2019ouvre sur des notes de cerises noires ainsi que des notes florales. En bouche, les tanins suaves et le c\u00f4t\u00e9 juteux en font un vin gourmand \u00e0 d\u00e9guster pour toutes occasions\u00a0!","og_url":"https:\/\/chateaumazeyres.net\/en\/produit\/le-seuil-de-mazeyres-2021\/","og_site_name":"Ch\u00e2teau Mazeyres","article_modified_time":"2024-07-05T08:45:03+00:00","og_image":[{"width":536,"height":668,"url":"https:\/\/chateaumazeyres.net\/wp-content\/uploads\/2020\/01\/le_seuil_de_mazeyres_millesime_2017.png","type":"image\/png"}],"twitter_card":"summary_large_image","twitter_misc":{"Est. reading time":"1 minute"},"schema":{"@context":"https:\/\/schema.org","@graph":[{"@type":"WebPage","@id":"https:\/\/chateaumazeyres.net\/en\/produit\/le-seuil-de-mazeyres-2021\/","url":"https:\/\/chateaumazeyres.net\/en\/produit\/le-seuil-de-mazeyres-2021\/","name":"Le Seuil de Mazeyres 2021 - Ch\u00e2teau Mazeyres","isPartOf":{"@id":"https:\/\/chateaumazeyres.net\/en\/#website"},"primaryImageOfPage":{"@id":"https:\/\/chateaumazeyres.net\/en\/produit\/le-seuil-de-mazeyres-2021\/#primaryimage"},"image":{"@id":"https:\/\/chateaumazeyres.net\/en\/produit\/le-seuil-de-mazeyres-2021\/#primaryimage"},"thumbnailUrl":"https:\/\/chateaumazeyres.net\/wp-content\/uploads\/2020\/01\/le_seuil_de_mazeyres_millesime_2017.png","datePublished":"2024-05-22T13:33:32+00:00","dateModified":"2024-07-05T08:45:03+00:00","breadcrumb":{"@id":"https:\/\/chateaumazeyres.net\/en\/produit\/le-seuil-de-mazeyres-2021\/#breadcrumb"},"inLanguage":"en-US","potentialAction":[{"@type":"ReadAction","target":["https:\/\/chateaumazeyres.net\/en\/produit\/le-seuil-de-mazeyres-2021\/"]}]},{"@type":"ImageObject","inLanguage":"en-US","@id":"https:\/\/chateaumazeyres.net\/en\/produit\/le-seuil-de-mazeyres-2021\/#primaryimage","url":"https:\/\/chateaumazeyres.net\/wp-content\/uploads\/2020\/01\/le_seuil_de_mazeyres_millesime_2017.png","contentUrl":"https:\/\/chateaumazeyres.net\/wp-content\/uploads\/2020\/01\/le_seuil_de_mazeyres_millesime_2017.png","width":536,"height":668},{"@type":"BreadcrumbList","@id":"https:\/\/chateaumazeyres.net\/en\/produit\/le-seuil-de-mazeyres-2021\/#breadcrumb","itemListElement":[{"@type":"ListItem","position":1,"name":"Accueil","item":"https:\/\/chateaumazeyres.net\/en\/home\/"},{"@type":"ListItem","position":2,"name":"The Club Shop","item":"https:\/\/chateaumazeyres.net\/en\/the-club-shop\/"},{"@type":"ListItem","position":3,"name":"Le Seuil de Mazeyres 2021"}]},{"@type":"WebSite","@id":"https:\/\/chateaumazeyres.net\/en\/#website","url":"https:\/\/chateaumazeyres.net\/en\/","name":"Ch\u00e2teau Mazeyres","description":"Grand Vin de Pomerol","publisher":{"@id":"https:\/\/chateaumazeyres.net\/en\/#organization"},"potentialAction":[{"@type":"SearchAction","target":{"@type":"EntryPoint","urlTemplate":"https:\/\/chateaumazeyres.net\/en\/?s={search_term_string}"},"query-input":{"@type":"PropertyValueSpecification","valueRequired":true,"valueName":"search_term_string"}}],"inLanguage":"en-US"},{"@type":"Organization","@id":"https:\/\/chateaumazeyres.net\/en\/#organization","name":"Chateau Mazeyres","url":"https:\/\/chateaumazeyres.net\/en\/","logo":{"@type":"ImageObject","inLanguage":"en-US","@id":"https:\/\/chateaumazeyres.net\/en\/#\/schema\/logo\/image\/","url":"https:\/\/chateaumazeyres.net\/wp-content\/uploads\/2020\/11\/chateau_mazeyres_logo@x2.png","contentUrl":"https:\/\/chateaumazeyres.net\/wp-content\/uploads\/2020\/11\/chateau_mazeyres_logo@x2.png","width":888,"height":826,"caption":"Chateau Mazeyres"},"image":{"@id":"https:\/\/chateaumazeyres.net\/en\/#\/schema\/logo\/image\/"}}]}},"_links":{"self":[{"href":"https:\/\/chateaumazeyres.net\/en\/wp-json\/wp\/v2\/product\/19387","targetHints":{"allow":["GET"]}}],"collection":[{"href":"https:\/\/chateaumazeyres.net\/en\/wp-json\/wp\/v2\/product"}],"about":[{"href":"https:\/\/chateaumazeyres.net\/en\/wp-json\/wp\/v2\/types\/product"}],"wp:featuredmedia":[{"embeddable":true,"href":"https:\/\/chateaumazeyres.net\/en\/wp-json\/wp\/v2\/media\/16270"}],"wp:attachment":[{"href":"https:\/\/chateaumazeyres.net\/en\/wp-json\/wp\/v2\/media?parent=19387"}],"wp:term":[{"taxonomy":"product_brand","embeddable":true,"href":"https:\/\/chateaumazeyres.net\/en\/wp-json\/wp\/v2\/product_brand?post=19387"},{"taxonomy":"product_cat","embeddable":true,"href":"https:\/\/chateaumazeyres.net\/en\/wp-json\/wp\/v2\/product_cat?post=19387"},{"taxonomy":"product_tag","embeddable":true,"href":"https:\/\/chateaumazeyres.net\/en\/wp-json\/wp\/v2\/product_tag?post=19387"}],"curies":[{"name":"wp","href":"https:\/\/api.w.org\/{rel}","templated":true}]}}