{"id":16900,"date":"2021-07-05T17:17:55","date_gmt":"2021-07-05T15:17:55","guid":{"rendered":"https:\/\/chateaumazeyres.net\/history\/"},"modified":"2023-08-10T10:37:53","modified_gmt":"2023-08-10T08:37:53","slug":"history","status":"publish","type":"page","link":"https:\/\/chateaumazeyres.net\/en\/history\/","title":{"rendered":"History"},"content":{"rendered":"<div class=\"wpb-content-wrapper\"><p>[vc_row css_animation=&#8221;&#8221; row_type=&#8221;row&#8221; use_row_as_full_screen_section=&#8221;no&#8221; type=&#8221;grid&#8221; angled_section=&#8221;no&#8221; text_align=&#8221;left&#8221; background_image_as_pattern=&#8221;without_pattern&#8221; background_color=&#8221;#ffffff&#8221; padding_top=&#8221;57&#8243; padding_bottom=&#8221;95&#8243; css=&#8221;.vc_custom_1491234899650{padding-top: 2px !important;padding-right: 2px !important;padding-bottom: 2px !important;padding-left: 2px !important;}&#8221;][vc_column][vc_empty_space height=&#8221;100px&#8221;][vc_column_text el_class=&#8221;justif&#8221;]<strong>Ch\u00e2teau Mazeyres, right in the heart of Libourne, is inextricably linked to the history of Pomerol.<\/strong> It has been a very active, lively site since the Roman era. Its plateau, served by two major routes during this period, was chosen by the poet Ausonius for his Lucaniac villa. Remarkable pottery dating from the third century has been found on the chateau site, representing traces of an old Gallo-Roman villa. The town\u2019s archives reveal that vines have been grown on this site since the 14th century.<\/p>\n<p>&nbsp;<\/p>\n<p>Ch\u00e2teau Mazeyres, a magnificent <em>Directoire<\/em>-style manor house, was acquired in the early 20th century by the Querre family, who began producing a fine, fruity wine designed for French restaurant customers. In 1988, the family decided to sell the entire estate to Caisse de Retraite de la Soci\u00e9t\u00e9 G\u00e9n\u00e9rale which then passed it on to Sogecap \u2013 the life insurance branch of the same banking institution \u2013 in 2010. In 2020, a new chapter begins with the arrival of the Guillard family, who, after acquiring Ch\u00e2teau Fonroque in 2017, confirms his interest in great growths of Bordeaux. This acquisition strengthens a fertile and complementary collaboration with Alain Moueix, who has been managing the wine estate for more than 30 years.<\/p>\n<p>&nbsp;<\/p>\n<p>In 1992, viticultural engineer and oenologist Alain Moueix took over the running of Ch\u00e2teau Mazeyres. As the fourth generation of a well-regarded family of Libourne winegrowers and merchants, he offered the chateau his commitment, knowledge and expertise. The vineyard area was significantly increased and thought was put into approaches to winegrowing, winemaking and maturation, resulting in the facilities being modernised. The chateau was restored and the quality of the wines significantly improved. Mazeyres began a new age of winemaking. Close links were established with Bordeaux merchants, who helped to boost Ch\u00e2teau Mazeyres\u2019 international renown and have remained loyal to Alain Moueix over more than 25 years of work. Biodynamics made a vital contribution to ensuring that the vineyard\u2019s growth went hand in hand with rising quality levels and increasing fame. The resulting wines were lively and elegant, and enjoyed growing recognition.<\/p>\n<p>&nbsp;<\/p>\n<p>The acquisition of four further hectares at the heart of the Pomerol appellation in 2010 took the estate&#8217;s total area to 25.5 hectares, cultivated using biodynamics since 2012 and certified since 2018.[\/vc_column_text][vc_separator type=&#8221;transparent&#8221; up=&#8221;45&#8243; down=&#8221;45&#8243;][\/vc_column][\/vc_row][vc_row css_animation=&#8221;&#8221; row_type=&#8221;row&#8221; use_row_as_full_screen_section=&#8221;no&#8221; type=&#8221;grid&#8221; angled_section=&#8221;no&#8221; text_align=&#8221;left&#8221; background_image_as_pattern=&#8221;without_pattern&#8221; background_color=&#8221;#f2f2f2&#8243; padding_top=&#8221;57&#8243; padding_bottom=&#8221;95&#8243;][vc_column][vc_separator type=&#8221;transparent&#8221; up=&#8221;55&#8243; down=&#8221;45&#8243;]<div class='qode_image_gallery_no_space dark highlight_active'><div class='qode_image_gallery_holder' style=''><ul  ><li style = \"opacity: 0\" ><div style=\" width:900px;\"><img decoding=\"async\" itemprop=\"image\" src=\"https:\/\/chateaumazeyres.net\/wp-content\/uploads\/2017\/05\/IMG_2514.jpg\" alt=\"\" \/><\/div><\/li><li style = \"opacity: 0\" ><div style=\" width:900px;\"><img decoding=\"async\" itemprop=\"image\" src=\"https:\/\/chateaumazeyres.net\/wp-content\/uploads\/2017\/05\/IMG_7024.jpg\" alt=\"\" \/><\/div><\/li><li style = \"opacity: 0\" ><div style=\" width:900px;\"><img decoding=\"async\" itemprop=\"image\" src=\"https:\/\/chateaumazeyres.net\/wp-content\/uploads\/2017\/05\/IMG_2781.jpg\" alt=\"\" \/><\/div><\/li><li style = \"opacity: 0\" ><div style=\" width:900px;\"><img decoding=\"async\" itemprop=\"image\" src=\"https:\/\/chateaumazeyres.net\/wp-content\/uploads\/2017\/05\/IMG_7011-1.jpg\" alt=\"\" \/><\/div><\/li><\/ul><\/div><div class=\"controls\"><a class=\"prev-slide\" href=\"#\"><span><i class=\"fa fa-angle-left\"><\/i><\/span><\/a><a class=\"next-slide\" href=\"#\"><span><i class=\"fa fa-angle-right\"><\/i><\/span><\/a><\/div><\/div>[vc_separator type=&#8221;transparent&#8221; up=&#8221;25&#8243; down=&#8221;45&#8243;][\/vc_column][\/vc_row]<\/p>\n<\/div>","protected":false},"excerpt":{"rendered":"<p>[vc_row css_animation=&#8221;&#8221; row_type=&#8221;row&#8221; use_row_as_full_screen_section=&#8221;no&#8221; type=&#8221;grid&#8221; angled_section=&#8221;no&#8221; text_align=&#8221;left&#8221; background_image_as_pattern=&#8221;without_pattern&#8221; background_color=&#8221;#ffffff&#8221; padding_top=&#8221;57&#8243; padding_bottom=&#8221;95&#8243; css=&#8221;.vc_custom_1491234899650{padding-top: 2px !important;padding-right: 2px !important;padding-bottom: 2px !important;padding-left: 2px !important;}&#8221;][vc_column][vc_empty_space height=&#8221;100px&#8221;][vc_column_text el_class=&#8221;justif&#8221;]Ch\u00e2teau Mazeyres, right in the heart of Libourne, is inextricably linked to the history of Pomerol. It has been a very active, lively site&#8230;<\/p>\n","protected":false},"author":5,"featured_media":0,"parent":0,"menu_order":0,"comment_status":"closed","ping_status":"closed","template":"full_width.php","meta":{"_acf_changed":false,"footnotes":""},"class_list":["post-16900","page","type-page","status-publish","hentry"],"acf":[],"yoast_head":"<!-- This site is optimized with the Yoast SEO plugin v27.1.1 - https:\/\/yoast.com\/product\/yoast-seo-wordpress\/ -->\n<title>History - Ch\u00e2teau Mazeyres<\/title>\n<meta name=\"robots\" content=\"index, follow, max-snippet:-1, max-image-preview:large, max-video-preview:-1\" \/>\n<link rel=\"canonical\" href=\"https:\/\/chateaumazeyres.net\/en\/history\/\" \/>\n<meta property=\"og:locale\" content=\"en_US\" \/>\n<meta property=\"og:type\" content=\"article\" \/>\n<meta property=\"og:title\" content=\"History - Ch\u00e2teau Mazeyres\" \/>\n<meta property=\"og:description\" content=\"[vc_row css_animation=&#8221;&#8221; row_type=&#8221;row&#8221; use_row_as_full_screen_section=&#8221;no&#8221; type=&#8221;grid&#8221; angled_section=&#8221;no&#8221; text_align=&#8221;left&#8221; background_image_as_pattern=&#8221;without_pattern&#8221; background_color=&#8221;#ffffff&#8221; padding_top=&#8221;57&#8243; padding_bottom=&#8221;95&#8243; css=&#8221;.vc_custom_1491234899650{padding-top: 2px !important;padding-right: 2px !important;padding-bottom: 2px !important;padding-left: 2px !important;}&#8221;][vc_column][vc_empty_space height=&#8221;100px&#8221;][vc_column_text el_class=&#8221;justif&#8221;]Ch\u00e2teau Mazeyres, right in the heart of Libourne, is inextricably linked to the history of Pomerol. It has been a very active, lively site...\" \/>\n<meta property=\"og:url\" content=\"https:\/\/chateaumazeyres.net\/en\/history\/\" \/>\n<meta property=\"og:site_name\" content=\"Ch\u00e2teau Mazeyres\" \/>\n<meta property=\"article:modified_time\" content=\"2023-08-10T08:37:53+00:00\" \/>\n<meta property=\"og:image\" content=\"https:\/\/chateaumazeyres.net\/wp-content\/uploads\/2024\/06\/Cahteau-Mazeyres.webp\" \/>\n\t<meta property=\"og:image:width\" content=\"1200\" \/>\n\t<meta property=\"og:image:height\" content=\"675\" \/>\n\t<meta property=\"og:image:type\" content=\"image\/webp\" \/>\n<meta name=\"twitter:card\" content=\"summary_large_image\" \/>\n<meta name=\"twitter:label1\" content=\"Est. reading time\" \/>\n\t<meta name=\"twitter:data1\" content=\"3 minutes\" \/>\n<script type=\"application\/ld+json\" class=\"yoast-schema-graph\">{\"@context\":\"https:\/\/schema.org\",\"@graph\":[{\"@type\":\"WebPage\",\"@id\":\"https:\/\/chateaumazeyres.net\/en\/history\/\",\"url\":\"https:\/\/chateaumazeyres.net\/en\/history\/\",\"name\":\"History - Ch\u00e2teau Mazeyres\",\"isPartOf\":{\"@id\":\"https:\/\/chateaumazeyres.net\/en\/#website\"},\"datePublished\":\"2021-07-05T15:17:55+00:00\",\"dateModified\":\"2023-08-10T08:37:53+00:00\",\"breadcrumb\":{\"@id\":\"https:\/\/chateaumazeyres.net\/en\/history\/#breadcrumb\"},\"inLanguage\":\"en-US\",\"potentialAction\":[{\"@type\":\"ReadAction\",\"target\":[\"https:\/\/chateaumazeyres.net\/en\/history\/\"]}]},{\"@type\":\"BreadcrumbList\",\"@id\":\"https:\/\/chateaumazeyres.net\/en\/history\/#breadcrumb\",\"itemListElement\":[{\"@type\":\"ListItem\",\"position\":1,\"name\":\"Accueil\",\"item\":\"https:\/\/chateaumazeyres.net\/en\/home\/\"},{\"@type\":\"ListItem\",\"position\":2,\"name\":\"History\"}]},{\"@type\":\"WebSite\",\"@id\":\"https:\/\/chateaumazeyres.net\/en\/#website\",\"url\":\"https:\/\/chateaumazeyres.net\/en\/\",\"name\":\"Ch\u00e2teau Mazeyres\",\"description\":\"Grand Vin de Pomerol\",\"publisher\":{\"@id\":\"https:\/\/chateaumazeyres.net\/en\/#organization\"},\"potentialAction\":[{\"@type\":\"SearchAction\",\"target\":{\"@type\":\"EntryPoint\",\"urlTemplate\":\"https:\/\/chateaumazeyres.net\/en\/?s={search_term_string}\"},\"query-input\":{\"@type\":\"PropertyValueSpecification\",\"valueRequired\":true,\"valueName\":\"search_term_string\"}}],\"inLanguage\":\"en-US\"},{\"@type\":\"Organization\",\"@id\":\"https:\/\/chateaumazeyres.net\/en\/#organization\",\"name\":\"Chateau Mazeyres\",\"url\":\"https:\/\/chateaumazeyres.net\/en\/\",\"logo\":{\"@type\":\"ImageObject\",\"inLanguage\":\"en-US\",\"@id\":\"https:\/\/chateaumazeyres.net\/en\/#\/schema\/logo\/image\/\",\"url\":\"https:\/\/chateaumazeyres.net\/wp-content\/uploads\/2020\/11\/chateau_mazeyres_logo@x2.png\",\"contentUrl\":\"https:\/\/chateaumazeyres.net\/wp-content\/uploads\/2020\/11\/chateau_mazeyres_logo@x2.png\",\"width\":888,\"height\":826,\"caption\":\"Chateau Mazeyres\"},\"image\":{\"@id\":\"https:\/\/chateaumazeyres.net\/en\/#\/schema\/logo\/image\/\"}}]}<\/script>\n<!-- \/ Yoast SEO plugin. -->","yoast_head_json":{"title":"History - Ch\u00e2teau Mazeyres","robots":{"index":"index","follow":"follow","max-snippet":"max-snippet:-1","max-image-preview":"max-image-preview:large","max-video-preview":"max-video-preview:-1"},"canonical":"https:\/\/chateaumazeyres.net\/en\/history\/","og_locale":"en_US","og_type":"article","og_title":"History - Ch\u00e2teau Mazeyres","og_description":"[vc_row css_animation=&#8221;&#8221; row_type=&#8221;row&#8221; use_row_as_full_screen_section=&#8221;no&#8221; type=&#8221;grid&#8221; angled_section=&#8221;no&#8221; text_align=&#8221;left&#8221; background_image_as_pattern=&#8221;without_pattern&#8221; background_color=&#8221;#ffffff&#8221; padding_top=&#8221;57&#8243; padding_bottom=&#8221;95&#8243; css=&#8221;.vc_custom_1491234899650{padding-top: 2px !important;padding-right: 2px !important;padding-bottom: 2px !important;padding-left: 2px !important;}&#8221;][vc_column][vc_empty_space height=&#8221;100px&#8221;][vc_column_text el_class=&#8221;justif&#8221;]Ch\u00e2teau Mazeyres, right in the heart of Libourne, is inextricably linked to the history of Pomerol. It has been a very active, lively site...","og_url":"https:\/\/chateaumazeyres.net\/en\/history\/","og_site_name":"Ch\u00e2teau Mazeyres","article_modified_time":"2023-08-10T08:37:53+00:00","og_image":[{"width":1200,"height":675,"url":"https:\/\/chateaumazeyres.net\/wp-content\/uploads\/2024\/06\/Cahteau-Mazeyres.webp","type":"image\/webp"}],"twitter_card":"summary_large_image","twitter_misc":{"Est. reading time":"3 minutes"},"schema":{"@context":"https:\/\/schema.org","@graph":[{"@type":"WebPage","@id":"https:\/\/chateaumazeyres.net\/en\/history\/","url":"https:\/\/chateaumazeyres.net\/en\/history\/","name":"History - Ch\u00e2teau Mazeyres","isPartOf":{"@id":"https:\/\/chateaumazeyres.net\/en\/#website"},"datePublished":"2021-07-05T15:17:55+00:00","dateModified":"2023-08-10T08:37:53+00:00","breadcrumb":{"@id":"https:\/\/chateaumazeyres.net\/en\/history\/#breadcrumb"},"inLanguage":"en-US","potentialAction":[{"@type":"ReadAction","target":["https:\/\/chateaumazeyres.net\/en\/history\/"]}]},{"@type":"BreadcrumbList","@id":"https:\/\/chateaumazeyres.net\/en\/history\/#breadcrumb","itemListElement":[{"@type":"ListItem","position":1,"name":"Accueil","item":"https:\/\/chateaumazeyres.net\/en\/home\/"},{"@type":"ListItem","position":2,"name":"History"}]},{"@type":"WebSite","@id":"https:\/\/chateaumazeyres.net\/en\/#website","url":"https:\/\/chateaumazeyres.net\/en\/","name":"Ch\u00e2teau Mazeyres","description":"Grand Vin de Pomerol","publisher":{"@id":"https:\/\/chateaumazeyres.net\/en\/#organization"},"potentialAction":[{"@type":"SearchAction","target":{"@type":"EntryPoint","urlTemplate":"https:\/\/chateaumazeyres.net\/en\/?s={search_term_string}"},"query-input":{"@type":"PropertyValueSpecification","valueRequired":true,"valueName":"search_term_string"}}],"inLanguage":"en-US"},{"@type":"Organization","@id":"https:\/\/chateaumazeyres.net\/en\/#organization","name":"Chateau Mazeyres","url":"https:\/\/chateaumazeyres.net\/en\/","logo":{"@type":"ImageObject","inLanguage":"en-US","@id":"https:\/\/chateaumazeyres.net\/en\/#\/schema\/logo\/image\/","url":"https:\/\/chateaumazeyres.net\/wp-content\/uploads\/2020\/11\/chateau_mazeyres_logo@x2.png","contentUrl":"https:\/\/chateaumazeyres.net\/wp-content\/uploads\/2020\/11\/chateau_mazeyres_logo@x2.png","width":888,"height":826,"caption":"Chateau Mazeyres"},"image":{"@id":"https:\/\/chateaumazeyres.net\/en\/#\/schema\/logo\/image\/"}}]}},"_links":{"self":[{"href":"https:\/\/chateaumazeyres.net\/en\/wp-json\/wp\/v2\/pages\/16900","targetHints":{"allow":["GET"]}}],"collection":[{"href":"https:\/\/chateaumazeyres.net\/en\/wp-json\/wp\/v2\/pages"}],"about":[{"href":"https:\/\/chateaumazeyres.net\/en\/wp-json\/wp\/v2\/types\/page"}],"author":[{"embeddable":true,"href":"https:\/\/chateaumazeyres.net\/en\/wp-json\/wp\/v2\/users\/5"}],"replies":[{"embeddable":true,"href":"https:\/\/chateaumazeyres.net\/en\/wp-json\/wp\/v2\/comments?post=16900"}],"version-history":[{"count":3,"href":"https:\/\/chateaumazeyres.net\/en\/wp-json\/wp\/v2\/pages\/16900\/revisions"}],"predecessor-version":[{"id":19003,"href":"https:\/\/chateaumazeyres.net\/en\/wp-json\/wp\/v2\/pages\/16900\/revisions\/19003"}],"wp:attachment":[{"href":"https:\/\/chateaumazeyres.net\/en\/wp-json\/wp\/v2\/media?parent=16900"}],"curies":[{"name":"wp","href":"https:\/\/api.w.org\/{rel}","templated":true}]}}